{"id":314,"date":"2022-06-19T11:22:07","date_gmt":"2022-06-19T10:22:07","guid":{"rendered":"https:\/\/www.brucelipton.cz\/?page_id=314"},"modified":"2022-06-19T11:22:07","modified_gmt":"2022-06-19T10:22:07","slug":"pravidla-nakladani-s-osobnimi-udaji","status":"publish","type":"page","link":"https:\/\/www.brucelipton.cz\/en\/pravidla-nakladani-s-osobnimi-udaji\/","title":{"rendered":"Pravidla nakl\u00e1d\u00e1n\u00ed s\u00a0osobn\u00edmi \u00fadaji"},"content":{"rendered":"<ol class=\"wp-block-list\"><li><strong>Informace o subjektu Mirami Media s.r.o<\/strong><br>1.1. Tato pravidla nakl\u00e1d\u00e1n\u00ed s\u00a0osobn\u00edmi \u00fadaji p\u0159ijala Mirami Media s.r.o ( d\u00e1le jen MM) , se s\u00eddlem K\u00a0V\u011btrovu 535, 25168, I\u010c: 02668122.<br>1.2. Tato pravidla upravuj\u00ed z\u00e1sady zpracov\u00e1n\u00ed osobn\u00edch \u00fadaj\u016f v\u0161ech u\u017eivatel\u016f webov\u00fdch str\u00e1nek<br>www.brucelipton.cz<br>1.3. Mirami Media s.r.o p\u016fsob\u00ed p\u0159i zpracov\u00e1n\u00ed osobn\u00edch \u00fadaj\u016f jako spr\u00e1vce pouze ohledn\u011b osobn\u00edch \u00fadaj\u016f u\u017eivatel\u016f, kte\u0159\u00ed si zakoup\u00ed produkty nebo slu\u017eby na v\u00fd\u0161e uveden\u00e9m webu. V\u00a0tomto p\u0159\u00edpad\u011b Mirami Media s.r.o ur\u010duje, za jak\u00fdm \u00fa\u010delem a\u00a0jak\u00fdmi prost\u0159edky bude doch\u00e1zet ke zpracov\u00e1n\u00ed osobn\u00edch \u00fadaj\u016f.<\/li><li><strong>Jak\u00e9 \u00fadaje zpracov\u00e1v\u00e1me?<\/strong><br>2.1. \u00dadaje poskytnut\u00e9 u\u017eivateli p\u0159i vytv\u00e1\u0159en\u00ed objedn\u00e1vky. MM zpracov\u00e1v\u00e1 prim\u00e1rn\u011b osobn\u00ed \u00fadaje,<br>kter\u00e9 n\u00e1m sami poskytnete p\u0159i n\u00e1kupu slu\u017eeb nebo zbo\u017e\u00ed. Tyto \u00fadaje zahrnuj\u00ed zejm\u00e9na\u00a0jm\u00e9no a<br>p\u0159\u00edjmen\u00ed, e-mailovou adresu a telefonn\u00ed \u010d\u00edslo, p\u0159\u00edpadn\u011b dal\u0161\u00ed \u00fadaje, kter\u00e9 dobrovoln\u011b uvedete.<br>2.2. MM nen\u00ed schopn\u00e1 kontrolovat ve\u0161ker\u00fd obsah tvo\u0159en\u00fd p\u0159\u00edmo u\u017eivateli. Pokud v\u00a0r\u00e1mci objedn\u00e1vky<br>nebo jin\u00e9ho u\u017e\u00edv\u00e1n\u00ed webov\u00fdch str\u00e1nek uvedete \u010di zve\u0159ejn\u00edte jak\u00e9koli\u00a0osobn\u00ed \u00fadaje t\u00fdkaj\u00edc\u00ed se t\u0159et\u00edch<br>osob, odpov\u00edd\u00e1te za to, \u017ee tyto t\u0159et\u00ed osoby ke zve\u0159ejn\u011bn\u00ed osobn\u00edch \u00fadaj\u016f ud\u011blili sv\u016fj souhlas. Pokud<br>jak\u00fdkoli u\u017eivatel zjist\u00ed, \u017ee do\u0161lo zve\u0159ejn\u011bn\u00ed osobn\u00edch \u00fadaj\u016f v\u00a0rozporu s\u00a0t\u011bmito pravidly, m\u016f\u017ee se obr\u00e1tit<br>na MM prost\u0159ednictv\u00edm kontakt\u016f uveden\u00fdch v\u00a0t\u011bchto pravidlech.<\/li><li><strong>Pro jak\u00e9 \u00fa\u010dely \u00fadaje zpracov\u00e1v\u00e1me?<\/strong><br>3.1. Pro vy\u0159\u00edzen\u00ed Va\u0161\u00ed objedn\u00e1vky vyu\u017e\u00edv\u00e1me Va\u0161e jm\u00e9no, p\u0159\u00edjmen\u00ed a kontaktn\u00ed \u00fadaje. Zpracov\u00e1n\u00ed \u00fadaj\u016f v\u00a0tomto p\u0159\u00edpad\u011b zahrnuje p\u0159\u00edpadn\u00e9 porovn\u00e1n\u00ed Va\u0161ich \u00fadaj\u016f s\u00a0\u00fadaji v\u00a0objedn\u00e1vce a vytvo\u0159en\u00ed faktury.<br>3.2. Pro vy\u0159\u00edzen\u00ed Va\u0161eho n\u00e1kupu vyu\u017e\u00edv\u00e1me Va\u0161e jm\u00e9no, p\u0159\u00edjmen\u00ed, kontaktn\u00ed \u00fadaje a pokud je zad\u00e1te, tak i faktura\u010dn\u00ed \u00fadaje.\u00a0Pokud nejsou tyto \u00fadaje poskytnuty, nem\u016f\u017ee MM vy\u0159\u00eddit Va\u0161i objedn\u00e1vku. Pokud po\u017eadujete vystavit fakturu zpracov\u00e1v\u00e1me V\u00e1mi zadan\u00e9 \u00fadaje pro vytvo\u0159en\u00ed faktury.<br>3.3. Pro nab\u00eddku na\u0161ich slu\u017eeb formou obchodn\u00edch sd\u011blen\u00ed zas\u00edlan\u00fdch u\u017eivatel\u016fm vyu\u017e\u00edv\u00e1 MM p\u0159edev\u0161\u00edm e-mailovou adresu. Zpracov\u00e1n\u00ed prob\u00edh\u00e1 v\u00a0tomto p\u0159\u00edpad\u011b pouze\u00a0po ud\u011blen\u00ed Va\u0161eho souhlasu, kter\u00fd je zcela dobrovoln\u00fd. Souhlas MM ud\u011blujete nebo neud\u011blujete v\u00a0pr\u016fb\u011bhu objedn\u00e1vky zbo\u017e\u00ed nebo slu\u017eeb.<\/li><li><strong>Odvol\u00e1n\u00ed souhlasu a zru\u0161en\u00ed zas\u00edl\u00e1n\u00ed obchodn\u00edch sd\u011blen\u00ed<\/strong><br>4.1. Obchodn\u00ed sd\u011blen\u00ed. U\u017eivatel\u00e9 webu www.brucelipton.cz mohou kdykoli zru\u0161it odeb\u00edr\u00e1n\u00ed obchodn\u00edch a to: kliknut\u00edm na p\u0159\u00edslu\u0161n\u00fd odkaz um\u00edst\u011bn\u00fd v\u00a0z\u00e1pat\u00ed ka\u017ed\u00e9ho obchodn\u00edho sd\u011blen\u00ed; nebo vzn\u00e9st n\u00e1mitku proti zpracov\u00e1n\u00ed osobn\u00edch \u00fadaj\u016f u MM na e-mailov\u00e9 adrese\u00a0info@brucelipton.cz nebo prost\u0159ednictv\u00edm dal\u0161\u00edch kontakt\u016f uveden\u00fdch v\u00a0t\u011bchto pravidlech.<\/li><li><strong>Kdo m\u00e1 p\u0159\u00edstup k\u00a0\u00fadaj\u016fm?<\/strong><br>5.1. V\u00a0prv\u00e9 \u0159ad\u011b jsou osobn\u00ed \u00fadaje zpracov\u00e1v\u00e1ny\u00a0MM. Pokud by m\u011bli dal\u0161\u00ed osoby v\u00a0budoucnu p\u0159\u00edstup k\u00a0osobn\u00edm \u00fadaj\u016fm budou zav\u00e1z\u00e1ny k\u00a0ml\u010denlivosti a\u00a0tento z\u00e1vazek bude trvat i po skon\u010den\u00ed jejich spolupr\u00e1ce s\u00a0MM.<\/li><li><strong>Jak dlouho \u00fadaje zpracov\u00e1v\u00e1me?<\/strong><br>6.1.MM zpracov\u00e1v\u00e1 osobn\u00ed \u00fadaje za \u00fa\u010delem pln\u011bn\u00ed smlouvy po celou dobu vy\u0159izov\u00e1n\u00ed objedn\u00e1vky \u010di n\u00e1kupu na www.brucelipton.cz. Ze z\u00e1kona MM n\u00e1sledn\u011b uchov\u00e1v\u00e1 n\u011bkter\u00e9 \u00fadaje obsa\u017een\u00e9 v \u00fa\u010detn\u00edch dokladech.<br>6.2. Obchodn\u00ed sd\u011blen\u00ed jsou zas\u00edl\u00e1na u\u017eivatel\u016fm\u00a0do doby, kdy dojde k odvol\u00e1n\u00ed souhlasu s jejich zas\u00edl\u00e1n\u00edm, nebo do doby zru\u0161en\u00ed \u00fa\u010dtu v p\u0159\u00edpad\u011b registrovan\u00fdch u\u017eivatel\u016f. Nejd\u00e9le jsou v\u0161ak obchodn\u00ed sd\u011blen\u00ed zas\u00edl\u00e1na po dobu\u00a05 let od ud\u011blen\u00ed souhlasu nebo od posledn\u00edho n\u00e1kupu slu\u017eeb. Pot\u00e9 budete vyzv\u00e1ni ze strany MM k potvrzen\u00ed, \u017ee nad\u00e1le trv\u00e1 V\u00e1\u0161 z\u00e1jem o zas\u00edl\u00e1n\u00ed obchodn\u00edch sd\u011blen\u00ed.<\/li><li><strong>Jak\u00e1 jsou va\u0161e pr\u00e1va?<\/strong><br>7.1. V\u00a0souvislosti se zpracov\u00e1n\u00edm osobn\u00edch \u00fadaj\u016f se m\u016f\u017eete obr\u00e1tit na MM a po\u017eadovat: Informace ohledn\u011b osobn\u00edch \u00fadaj\u016f, kter\u00e9 MM zpracov\u00e1v\u00e1, ohledn\u011b\u00a0\u00fa\u010delu a\u00a0povahy zpracov\u00e1n\u00ed osobn\u00edch \u00fadaj\u016f. P\u0159\u00edstup k\u00a0\u00fadaj\u016fm, kter\u00e9 jste poskytli MM, a\u0165 ji\u017e v\u00a0pr\u016fb\u011bhu rezervace, registrace nebo n\u00e1kupu na webu. V\u00a0p\u0159\u00edpad\u011b uplatn\u011bn\u00ed tohoto pr\u00e1va V\u00e1m MM potvrd\u00ed, zda a\u00a0jak\u00e9 konkr\u00e9tn\u00ed osobn\u00ed \u00fadaje jsou zpracov\u00e1v\u00e1ny a p\u0159\u00edpadn\u011b V\u00e1m budou tyto \u00fadaje zp\u0159\u00edstupn\u011bny spole\u010dn\u011b s informacemi o jejich zpracov\u00e1n\u00ed. Opravu osobn\u00edch \u00fadaj\u016f, pokud jsou jakkoli nep\u0159esn\u00e9 nebo ne\u00fapln\u00e9. Pouze v\u00a0p\u0159\u00edpad\u011b aktu\u00e1ln\u00edch \u00fadaj\u016f m\u016f\u017ee MM spr\u00e1vn\u011b vy\u0159\u00eddit Va\u0161i rezervaci \u010di n\u00e1kup. Vysv\u011btlen\u00ed a odstran\u011bn\u00ed z\u00e1vadn\u00e9ho stavu\u00a0(nap\u0159. blokaci, opravu, dopln\u011bn\u00ed \u010di likvidaci osobn\u00edch \u00fadaj\u016f), jestli\u017ee se domn\u00edv\u00e1te, \u017ee MM zpracov\u00e1v\u00e1 osobn\u00ed \u00fadaje v\u00a0rozporu s\u00a0ochranou Va\u0161eho osobn\u00edho a\u00a0soukrom\u00e9ho \u017eivota nebo v\u00a0rozporu s\u00a0pr\u00e1vn\u00edmi p\u0159edpisy. V\u00fdmaz osobn\u00edch \u00fadaj\u016f\u00a0(tzv. pr\u00e1vo b\u00fdt zapomenut) nebo jejich\u00a0omezen\u00e9 zpracov\u00e1n\u00ed, pokud ji\u017e nejsou pot\u0159ebn\u00e9 pro uveden\u00e9 \u00fa\u010dely, nebo pokud ji\u017e MM nem\u00e1 z\u00e1konn\u00fd d\u016fvod osobn\u00ed \u00fadaje zpracov\u00e1vat, v\u010detn\u011b p\u0159\u00edpad\u016f, kdy s\u00a0jejich dal\u0161\u00edm zpracov\u00e1n\u00edm nesouhlas\u00edte. V\u00a0r\u00e1mci spln\u011bn\u00ed uveden\u00fdch podm\u00ednek MM Va\u0161e \u00fadaje zcela nebo \u010d\u00e1ste\u010dn\u011b zlikviduje. P\u0159enesen\u00ed automatizovan\u011b zpracov\u00e1van\u00fdch osobn\u00edch \u00fadaj\u016f\u00a0z\u00edskan\u00fdch na z\u00e1klad\u011b Va\u0161eho souhlasu od MM k\u00a0jin\u00e9mu subjektu, kdy MM p\u0159ed\u00e1 Va\u0161e osobn\u00ed \u00fadaje v\u00a0b\u011b\u017en\u011b pou\u017e\u00edvan\u00e9m form\u00e1tu V\u00e1m nebo jin\u00e9mu spr\u00e1vci podle Va\u0161eho p\u0159\u00e1n\u00ed.<br>7.3. Mimo v\u00fd\u0161e uveden\u00e1 opr\u00e1vn\u011bn\u00ed m\u00e1te v\u017edy mo\u017enost obr\u00e1tit se v p\u0159\u00edpad\u011b poru\u0161en\u00ed povinnost\u00ed MM se\u00a0st\u00ed\u017enost\u00ed na \u00da\u0159ad pro ochranu osobn\u00edch \u00fadaj\u016f.<\/li><li><strong>Bezpe\u010dnost<\/strong><br>8.1. MM db\u00e1 na bezpe\u010dnost Va\u0161ich \u00fadaj\u016f. Nakl\u00e1d\u00e1n\u00ed s\u00a0osobn\u00edmi \u00fadaji prob\u00edh\u00e1 pln\u011b v souladu s\u00a0platn\u00fdmi pr\u00e1vn\u00edmi p\u0159edpisy, v\u010detn\u011b obecn\u00e9ho na\u0159\u00edzen\u00ed o\u00a0ochran\u011b osobn\u00edch \u00fadaj\u016f (GDPR). MM klade p\u0159i zpracov\u00e1n\u00ed osobn\u00edch \u00fadaj\u016f velk\u00fd d\u016fraz na technick\u00e9 i organiza\u010dn\u00ed zabezpe\u010den\u00ed zpracov\u00e1van\u00fdch \u00fadaj\u016f.<br>8.2. Ve\u0161ker\u00e9 osobn\u00ed \u00fadaje v\u00a0elektronick\u00e9 form\u011b jsou ulo\u017eeny v\u00a0datab\u00e1z\u00edch a syst\u00e9mech, k\u00a0nim\u017e maj\u00ed p\u0159\u00edstup pouze osoby, kter\u00e9 pot\u0159ebuj\u00ed s\u00a0osobn\u00edmi \u00fadaji bezprost\u0159edn\u011b nakl\u00e1dat pro \u00fa\u010dely uveden\u00e9 v\u00a0t\u011bchto pravidlech, a\u00a0to pouze v\u00a0nezbytn\u00e9m rozsahu. P\u0159\u00edstup k\u00a0t\u011bmto osobn\u00edm \u00fadaj\u016fm je chr\u00e1n\u011bn heslem a firewallem. Zabezpe\u010den\u00ed osobn\u00edch \u00fadaj\u016f je ze strany MM pravideln\u011b testov\u00e1no a ochranu pr\u016fb\u011b\u017en\u011b vylep\u0161ujeme.<\/li><li><strong>Kontakt<\/strong><br>9.1. S\u00a0jak\u00fdmikoli p\u0159ipom\u00ednkami ohledn\u011b zpracov\u00e1n\u00ed osobn\u00edch \u00fadaj\u016f, nebo v\u00a0p\u0159\u00edpad\u011b uplatn\u011bn\u00ed sv\u00fdch pr\u00e1v se m\u016f\u017eete obracet na MM emailem na adresu\u00a0info@brucelipton.cz, nebo na telefonn\u00ed \u010d\u00edslo\u00a0+420 777 130 420.<\/li><\/ol>","protected":false},"excerpt":{"rendered":"<p>Informace o subjektu Mirami Media s.r.o1.1. Tato pravidla nakl\u00e1d\u00e1n\u00ed s\u00a0osobn\u00edmi \u00fadaji p\u0159ijala Mirami Media s.r.o ( d\u00e1le jen MM) , se s\u00eddlem K\u00a0V\u011btrovu 535, 25168, I\u010c: 02668122.1.2. Tato pravidla upravuj\u00ed z\u00e1sady zpracov\u00e1n\u00ed osobn\u00edch \u00fadaj\u016f v\u0161ech u\u017eivatel\u016f webov\u00fdch str\u00e1nekwww.brucelipton.cz1.3. Mirami Media s.r.o p\u016fsob\u00ed p\u0159i zpracov\u00e1n\u00ed osobn\u00edch \u00fadaj\u016f jako spr\u00e1vce pouze ohledn\u011b osobn\u00edch \u00fadaj\u016f u\u017eivatel\u016f, kte\u0159\u00ed si [&hellip;]<\/p>\n","protected":false},"author":1,"featured_media":0,"parent":0,"menu_order":0,"comment_status":"closed","ping_status":"closed","template":"","meta":{"footnotes":""},"class_list":["post-314","page","type-page","status-publish","hentry"],"_links":{"self":[{"href":"https:\/\/www.brucelipton.cz\/en\/wp-json\/wp\/v2\/pages\/314","targetHints":{"allow":["GET"]}}],"collection":[{"href":"https:\/\/www.brucelipton.cz\/en\/wp-json\/wp\/v2\/pages"}],"about":[{"href":"https:\/\/www.brucelipton.cz\/en\/wp-json\/wp\/v2\/types\/page"}],"author":[{"embeddable":true,"href":"https:\/\/www.brucelipton.cz\/en\/wp-json\/wp\/v2\/users\/1"}],"replies":[{"embeddable":true,"href":"https:\/\/www.brucelipton.cz\/en\/wp-json\/wp\/v2\/comments?post=314"}],"version-history":[{"count":1,"href":"https:\/\/www.brucelipton.cz\/en\/wp-json\/wp\/v2\/pages\/314\/revisions"}],"predecessor-version":[{"id":315,"href":"https:\/\/www.brucelipton.cz\/en\/wp-json\/wp\/v2\/pages\/314\/revisions\/315"}],"wp:attachment":[{"href":"https:\/\/www.brucelipton.cz\/en\/wp-json\/wp\/v2\/media?parent=314"}],"curies":[{"name":"wp","href":"https:\/\/api.w.org\/{rel}","templated":true}]}}