{"id":120,"date":"2022-06-04T21:27:54","date_gmt":"2022-06-04T20:27:54","guid":{"rendered":"https:\/\/www.brucelipton.cz\/?page_id=120"},"modified":"2022-06-04T21:41:23","modified_gmt":"2022-06-04T20:41:23","slug":"bruce-harold-lipton-ph-d","status":"publish","type":"page","link":"https:\/\/www.brucelipton.cz\/en\/bruce-harold-lipton-ph-d\/","title":{"rendered":"BRUCE HAROLD LIPTON, Ph.D."},"content":{"rendered":"<p>Bruce Lipton, narozen dne 21.10.1944 v Mount Kisco, NewYork je americk\u00fd biolog, univerzitn\u00ed pedagog, v\u011bdec, autor n\u011bkolika bestseller\u016f a odborn\u00fdch \u010dl\u00e1nk\u016f zn\u00e1m\u00fd p\u0159edev\u0161\u00edm pro svoje objevy t\u00fdkaj\u00edc\u00ed se genetiky a mo\u017enosti ovliv\u0148ov\u00e1n\u00ed gen\u016f a DNA prost\u0159ednictv\u00edm na\u0161eho my\u0161len\u00ed a zam\u011b\u0159en\u00ed na\u0161\u00ed mysli. Podle Bruce Liptona je mo\u017en\u00e9 ovlivnit, kter\u00e1 genetick\u00e1 informace se stane aktivn\u00ed a kter\u00e1 z\u016fstane pasivn\u00ed a jak je mo\u017en\u00e9 tuto informaci &#8222;p\u0159eprogramovat&#8220;.<\/p>\n\n\n<div class=\"wp-block-image is-style-default\">\n<figure class=\"aligncenter size-full\"><img loading=\"lazy\" decoding=\"async\" width=\"640\" height=\"427\" src=\"https:\/\/www.brucelipton.cz\/wp-content\/uploads\/2022\/06\/IMG_95961-1.jpeg\" alt=\"\" class=\"wp-image-121\" srcset=\"https:\/\/www.brucelipton.cz\/wp-content\/uploads\/2022\/06\/IMG_95961-1.jpeg 640w, https:\/\/www.brucelipton.cz\/wp-content\/uploads\/2022\/06\/IMG_95961-1-300x200.jpeg 300w\" sizes=\"auto, (max-width: 640px) 100vw, 640px\" \/><\/figure>\n<\/div>\n\n\n<p>Bruce Lipton's lifelong research challenges the common scientific hypotheses in the field of genetics, which assume that genetic information is given to us and we cannot change it.<\/p>\n\n\n\n<p>Bruce Lipton tedy m\u011bn\u00ed na\u0161e postoje ke genetick\u00e9 v\u00fdbav\u011b a ke zdrav\u00ed, kter\u00e9 je n\u00e1m d\u00e1no. Z\u00e1sadn\u00ed roli dle Bruce Liptona hraje na\u0161e podv\u011bdom\u00ed a programy, kter\u00e9 jsou v podv\u011bdom\u00ed ulo\u017een\u00e9. Bruce Lipton p\u0159irovn\u00e1v\u00e1 na\u0161e podv\u011bdom\u00ed k ur\u010dit\u00e9mu z\u00e1znamov\u00e9mu za\u0159\u00edzen\u00ed, do kter\u00e9 jsou nahr\u00e1v\u00e1ny ur\u010dit\u00e9 programy a to p\u0159edev\u0161\u00edm v d\u011btstv\u00ed, a tyto programy ur\u010duj\u00ed jak bude vypadat n\u00e1\u0161 \u017eivot, na\u0161e chov\u00e1n\u00ed a \u017eivotn\u00ed pro\u017eitky. Pokud tedy nejsme spokojeni s n\u011b\u010d\u00edm v na\u0161em \u017eivot\u011b, je nezbytn\u00e9 zm\u011bnit programy v na\u0161em podv\u011bdom\u00ed.<\/p>\n\n\n<div class=\"wp-block-image\">\n<figure class=\"aligncenter size-large is-resized\"><img loading=\"lazy\" decoding=\"async\" src=\"https:\/\/www.brucelipton.cz\/wp-content\/uploads\/2022\/06\/850_4446-1024x682.jpg\" alt=\"\" class=\"wp-image-122\" width=\"708\" height=\"471\" srcset=\"https:\/\/www.brucelipton.cz\/wp-content\/uploads\/2022\/06\/850_4446-1024x682.jpg 1024w, https:\/\/www.brucelipton.cz\/wp-content\/uploads\/2022\/06\/850_4446-300x200.jpg 300w, https:\/\/www.brucelipton.cz\/wp-content\/uploads\/2022\/06\/850_4446-768x512.jpg 768w, https:\/\/www.brucelipton.cz\/wp-content\/uploads\/2022\/06\/850_4446-1536x1024.jpg 1536w, https:\/\/www.brucelipton.cz\/wp-content\/uploads\/2022\/06\/850_4446.jpg 2000w\" sizes=\"auto, (max-width: 708px) 100vw, 708px\" \/><\/figure>\n<\/div>\n\n\n<p>Ji\u017e v roce 1982 za\u010dal zkoumat principy kvantov\u00e9 fyziky jejich vliv na zp\u016fsob, jak\u00fdm bu\u0148ky p\u0159ij\u00edmaj\u00ed informace. Jeho v\u00fdzkumy vedly k z\u00e1v\u011br\u016fm, kter\u00e9 jsou v rozporu s tradi\u010dn\u00edm v\u011bdeck\u00fdm n\u00e1zorem, \u017ee \u017eivot a zdrav\u00ed jsou \u0159\u00edzeny geny, a staly se z\u00e1kladem pro fascinuj\u00edc\u00ed obor \u2013 epigenetiku .Dr. Bruce Lipton je tak pr\u016fkopn\u00edkem Epigenetiky &#8211; oboru, kter\u00fd studuje zm\u011bny v genech, v genov\u00e9 expresi a to vlivem vn\u011bj\u0161\u00edho prost\u0159ed\u00ed v\u010detn\u011b p\u016fsoben\u00ed na\u0161eho podv\u011bdom\u00ed.<\/p>\n\n\n\n<p>Dr. Bruce Lipton je mezin\u00e1rodn\u011b uzn\u00e1van\u00fd odborn\u00edk a jeden z nejv\u00fdznamn\u011bj\u0161\u00edch l\u00eddr\u016f nov\u00e9 biologie, kter\u00fd vych\u00e1z\u00ed z celostn\u00edho pohledu na realitu.<\/p>\n\n\n\n<figure class=\"wp-block-gallery aligncenter has-nested-images columns-default is-cropped wp-block-gallery-1 is-layout-flex wp-block-gallery-is-layout-flex\">\n<figure class=\"wp-block-image size-large\"><img loading=\"lazy\" decoding=\"async\" width=\"250\" height=\"381\" data-id=\"123\" src=\"https:\/\/www.brucelipton.cz\/wp-content\/uploads\/2022\/06\/Bilogie_viry.jpg\" alt=\"\" class=\"wp-image-123\" srcset=\"https:\/\/www.brucelipton.cz\/wp-content\/uploads\/2022\/06\/Bilogie_viry.jpg 250w, https:\/\/www.brucelipton.cz\/wp-content\/uploads\/2022\/06\/Bilogie_viry-197x300.jpg 197w\" sizes=\"auto, (max-width: 250px) 100vw, 250px\" \/><\/figure>\n\n\n\n<figure class=\"wp-block-image size-large\"><img loading=\"lazy\" decoding=\"async\" width=\"417\" height=\"633\" data-id=\"125\" src=\"https:\/\/www.brucelipton.cz\/wp-content\/uploads\/2022\/06\/Libankovy_efekt.jpg\" alt=\"\" class=\"wp-image-125\" srcset=\"https:\/\/www.brucelipton.cz\/wp-content\/uploads\/2022\/06\/Libankovy_efekt.jpg 417w, https:\/\/www.brucelipton.cz\/wp-content\/uploads\/2022\/06\/Libankovy_efekt-198x300.jpg 198w\" sizes=\"auto, (max-width: 417px) 100vw, 417px\" \/><\/figure>\n\n\n\n<figure class=\"wp-block-image size-large\"><img loading=\"lazy\" decoding=\"async\" width=\"250\" height=\"373\" data-id=\"124\" src=\"https:\/\/www.brucelipton.cz\/wp-content\/uploads\/2022\/06\/Spontanni_revoluce-1.jpg\" alt=\"\" class=\"wp-image-124\" srcset=\"https:\/\/www.brucelipton.cz\/wp-content\/uploads\/2022\/06\/Spontanni_revoluce-1.jpg 250w, https:\/\/www.brucelipton.cz\/wp-content\/uploads\/2022\/06\/Spontanni_revoluce-1-201x300.jpg 201w\" sizes=\"auto, (max-width: 250px) 100vw, 250px\" \/><\/figure>\n<\/figure>\n\n\n\n<p>V knize Biologie v\u00edry sd\u00edl\u00ed krom\u011b v\u011bdeck\u00fdch poznatk\u016f z oblasti epigenetiky i sv\u00e9 vlastn\u00ed zku\u0161enosti. Poznatky, ke kter\u00fdm do\u0161el ve sv\u00fdch v\u011bdeck\u00fdch v\u00fdzkumech, aplikoval i ve sv\u00e9m ka\u017edodenn\u00edm \u017eivot\u011b. S\u00e1m na sob\u011b zaznamenal zlep\u0161en\u00ed sv\u00e9ho zdrav\u00ed a rapidn\u00ed zv\u00fd\u0161en\u00ed kvality \u017eivota.<\/p>\n\n\n\n<p>Tato kombinace v\u011bdeck\u00fdch poznatk\u016f a osobn\u00edch zku\u0161enost\u00ed dod\u00e1v\u00e1 knize osobn\u011bj\u0161\u00ed rozm\u011br, kter\u00fd povzbudil ji\u017e tis\u00edce lid\u00ed po cel\u00e9m sv\u011bt\u011b p\u0159evz\u00edt plnou odpov\u011bdnost za sv\u00e9 zdrav\u00ed.<\/p>\n\n\n\n<p>Kniha Biologie v\u00edry z\u00edskala dv\u011b ocen\u011bn\u00ed.<\/p>\n\n\n\n<p>V roce 2006 byla vyhl\u00e1\u0161ena za nejlep\u0161\u00ed knihu z oblasti v\u011bdy (USA Book News).<\/p>\n\n\n\n<p>V roce 2009 z\u00edskala ocen\u011bn\u00ed Goi Peace Award \u2013 mezin\u00e1rodn\u00ed ocen\u011bn\u00ed za celosv\u011btov\u011b v\u00fdznamn\u00fd p\u0159\u00ednos pro lep\u0161\u00ed budoucnost, kzter\u00e1 vede k harmonii a m\u00edru.<\/p>","protected":false},"excerpt":{"rendered":"<p>Bruce Lipton, narozen dne 21.10.1944 v Mount Kisco, NewYork je americk\u00fd biolog, univerzitn\u00ed pedagog, v\u011bdec, autor n\u011bkolika bestseller\u016f a odborn\u00fdch \u010dl\u00e1nk\u016f zn\u00e1m\u00fd p\u0159edev\u0161\u00edm pro svoje objevy t\u00fdkaj\u00edc\u00ed se genetiky a mo\u017enosti ovliv\u0148ov\u00e1n\u00ed gen\u016f a DNA prost\u0159ednictv\u00edm na\u0161eho my\u0161len\u00ed a zam\u011b\u0159en\u00ed na\u0161\u00ed mysli. Podle Bruce Liptona je mo\u017en\u00e9 ovlivnit, kter\u00e1 genetick\u00e1 informace se stane aktivn\u00ed a [&hellip;]<\/p>","protected":false},"author":1,"featured_media":0,"parent":0,"menu_order":0,"comment_status":"closed","ping_status":"closed","template":"","meta":{"footnotes":""},"class_list":["post-120","page","type-page","status-publish","hentry"],"_links":{"self":[{"href":"https:\/\/www.brucelipton.cz\/en\/wp-json\/wp\/v2\/pages\/120","targetHints":{"allow":["GET"]}}],"collection":[{"href":"https:\/\/www.brucelipton.cz\/en\/wp-json\/wp\/v2\/pages"}],"about":[{"href":"https:\/\/www.brucelipton.cz\/en\/wp-json\/wp\/v2\/types\/page"}],"author":[{"embeddable":true,"href":"https:\/\/www.brucelipton.cz\/en\/wp-json\/wp\/v2\/users\/1"}],"replies":[{"embeddable":true,"href":"https:\/\/www.brucelipton.cz\/en\/wp-json\/wp\/v2\/comments?post=120"}],"version-history":[{"count":3,"href":"https:\/\/www.brucelipton.cz\/en\/wp-json\/wp\/v2\/pages\/120\/revisions"}],"predecessor-version":[{"id":138,"href":"https:\/\/www.brucelipton.cz\/en\/wp-json\/wp\/v2\/pages\/120\/revisions\/138"}],"wp:attachment":[{"href":"https:\/\/www.brucelipton.cz\/en\/wp-json\/wp\/v2\/media?parent=120"}],"curies":[{"name":"wp","href":"https:\/\/api.w.org\/{rel}","templated":true}]}}